{"id":7264,"date":"2025-07-15T06:17:33","date_gmt":"2025-07-15T06:17:33","guid":{"rendered":"https:\/\/dev252.kodesolution.com\/finclix\/?page_id=7264"},"modified":"2026-03-25T22:39:18","modified_gmt":"2026-03-25T22:39:18","slug":"services","status":"publish","type":"page","link":"https:\/\/erpcapable.com\/fr\/services\/","title":{"rendered":"Service Grid"},"content":{"rendered":"<div data-elementor-type=\"wp-page\" data-elementor-id=\"7264\" class=\"elementor elementor-7264\">\n\t\t\t\t<div class=\"elementor-element elementor-element-6f660d78 e-flex e-con-boxed tm-col-stretched-none tm-bg-color-over-image e-con e-parent\" data-id=\"6f660d78\" data-element_type=\"container\" data-e-type=\"container\">\n\t\t\t\t\t<div class=\"e-con-inner\">\n\t\t<div class=\"elementor-element elementor-element-588ca0f7 e-con-full e-flex tm-col-stretched-none tm-bg-color-over-image e-con e-child\" data-id=\"588ca0f7\" data-element_type=\"container\" data-e-type=\"container\">\n\t\t<div class=\"elementor-element elementor-element-2f565842 e-con-full e-flex tm-col-stretched-none tm-bg-color-over-image e-con e-child\" data-id=\"2f565842\" data-element_type=\"container\" data-e-type=\"container\">\n\t\t\t\t<div class=\"elementor-element elementor-element-1ec2d073 horizontal-line-align-left vertical-line-align-bottom elementor-widget elementor-widget-tm-ele-section-title\" data-id=\"1ec2d073\" data-element_type=\"widget\" data-e-type=\"widget\" data-widget_type=\"tm-ele-section-title.default\">\n\t\t\t\t<div class=\"elementor-widget-container\">\n\t\t\t\t\t<div class=\"tm-sc-section-title section-title\">\r\n\t<div class=\"title-wrapper\">\r\n\t\t\t\t\r\n\r\n<div class=\"sub-title-outer\">\r\n\t\t<div class=\"subtitle\">\r\n\r\n\t\t\r\n\t\tServices\t<\/div>\r\n\t<\/div>\t\t\t<h2 class=\"title tm-split-text split-in-right\"  >\r\n\r\n\t\t\r\n\t\t\t\t<span class=\"title-part1\">Vous pr\u00e9f\u00e9rez avoir le contr\u00f4le total des questions commerciales.<\/span>\r\n\t\t\t\t\r\n\t\t\t\t\t\t\t\r\n\t<\/h2>\r\n\t<div class=\"title-seperator-line\"><\/div>\t\t\t\t\t\t<\/div>\r\n<\/div>\t\t\t\t<\/div>\n\t\t\t\t<\/div>\n\t\t\t\t<\/div>\n\t\t<div class=\"elementor-element elementor-element-22d40fb e-con-full tm-col-stretched-none e-flex tm-bg-color-over-image e-con e-child\" data-id=\"22d40fb\" data-element_type=\"container\" data-e-type=\"container\">\n\t\t\t\t<div class=\"elementor-element elementor-element-1628165a elementor-widget elementor-widget-tm-ele-cpt-projects\" data-id=\"1628165a\" data-element_type=\"widget\" data-e-type=\"widget\" data-widget_type=\"tm-ele-cpt-projects.skin-style-current-theme6\">\n\t\t\t\t<div class=\"elementor-widget-container\">\n\t\t\t\t\t\t<div class=\"tm-sc-projects tm-sc-projects-grid border-radius-around-box\">\r\n\t\t\r\n\t\r\n\t\t<!-- gsap pin spacer added -->\r\n\t\t\r\n\t\t<!-- Isotope Gallery Grid -->\r\n\t\t<div id=\"projects-holder-793249\" class=\"project-layout border-radius-around-box gsap-pin-yes\">\r\n\t\t\t\t<!-- the loop -->\r\n\t\t\t\t\t\t\t\t\t\t\r\n<div class=\"project-item projects-current-theme6\" style=\"background-image: url('https:\/\/erpcapable.com\/wp-content\/uploads\/2025\/11\/5fnmwej4taa.jpg');\">\r\n\t<div class=\"project-item-inner\">\r\n\t\t<div class=\"ks-project-content-wrap\">\r\n\t\t\t<div class=\"ks-project-arrow\">\r\n\t\t\t\t<a href=\"https:\/\/erpcapable.com\/fr\/projects\/erp-audit-and-selection\/\"><i class=\"flaticon-common-arrow-right1\"><\/i><\/a>\r\n\t\t\t<\/div>\r\n\t\t\t<div class=\"ks-project-content\">\r\n\t\t\t\t\t\t\t\t\t<ul class=\"cat-list\">\r\n\t\t\t\t\t\t<li>Services<span> \/<\/span><\/li>\t\t\t\t\t<\/ul>\r\n\t\t\t\t\t\t\t\t\t\t\t\t\t<h4 class=\"title hover-link-light\"><a href=\"https:\/\/erpcapable.com\/fr\/projects\/erp-audit-and-selection\/\" >ERP Audit and Selection<\/a><\/h4>\r\n\t\t\t\t\t\t\t\t\t\t\t\t\t\t\t\t\t\t\t\t\t\t\t\t\t\t\t\t\t\t\t\t<div class=\"excerpt\">\r\n\t\t\t\t\t\t\t\tNous vous guidons dans le choix du syst\u00e8me ERP id\u00e9al, afin d'accro\u00eetre votre productivit\u00e9, de r\u00e9duire vos co\u00fbts et de soutenir votre r\u00e9ussite \u00e0 long terme.\t\t\t\t\t\t\t<\/div>\r\n\t\t\t\t\t\t\t\t\t\t\t\t\t\t\t\t\t\t\t\t\t\t\t<div class=\"ks-project-btn\">\r\n\t\t\t\t\t<div class=\"btn-view-details\">\r\n    <a href=\"https:\/\/erpcapable.com\/fr\/projects\/erp-audit-and-selection\/\"\r\n      class=\"btn btn-theme-colored3 btn-round\">\r\n      Lire la suite    <\/a>\r\n<\/div>\t\t\t\t<\/div>\r\n\t\t\t\t\t\t\t<\/div>\r\n\t\t<\/div>\r\n\t<\/div>\r\n<\/div>\t\t\t\t\t\t\t\t\t\t\r\n<div class=\"project-item projects-current-theme6\" style=\"background-image: url('https:\/\/erpcapable.com\/wp-content\/uploads\/2025\/11\/ERP-Data-Migration-F-1200x627-1.webp');\">\r\n\t<div class=\"project-item-inner\">\r\n\t\t<div class=\"ks-project-content-wrap\">\r\n\t\t\t<div class=\"ks-project-arrow\">\r\n\t\t\t\t<a href=\"https:\/\/erpcapable.com\/fr\/projects\/erp-migration\/\"><i class=\"flaticon-common-arrow-right1\"><\/i><\/a>\r\n\t\t\t<\/div>\r\n\t\t\t<div class=\"ks-project-content\">\r\n\t\t\t\t\t\t\t\t\t<ul class=\"cat-list\">\r\n\t\t\t\t\t\t<li>Services<span> \/<\/span><\/li>\t\t\t\t\t<\/ul>\r\n\t\t\t\t\t\t\t\t\t\t\t\t\t<h4 class=\"title hover-link-light\"><a href=\"https:\/\/erpcapable.com\/fr\/projects\/erp-migration\/\" >Migration d'ERP<\/a><\/h4>\r\n\t\t\t\t\t\t\t\t\t\t\t\t\t\t\t\t\t\t\t\t\t\t\t\t\t\t\t\t\t\t\t\t<div class=\"excerpt\">\r\n\t\t\t\t\t\t\t\tNous garantissons une migration ERP fluide et sans heurts, en prenant en charge la planification, les tests, l'int\u00e9gration et la formation pour une transition harmonieuse et un syst\u00e8me parfaitement adapt\u00e9 \u00e0 vos besoins.\t\t\t\t\t\t\t<\/div>\r\n\t\t\t\t\t\t\t\t\t\t\t\t\t\t\t\t\t\t\t\t\t\t\t<div class=\"ks-project-btn\">\r\n\t\t\t\t\t<div class=\"btn-view-details\">\r\n    <a href=\"https:\/\/erpcapable.com\/fr\/projects\/erp-migration\/\"\r\n      class=\"btn btn-theme-colored3 btn-round\">\r\n      Lire la suite    <\/a>\r\n<\/div>\t\t\t\t<\/div>\r\n\t\t\t\t\t\t\t<\/div>\r\n\t\t<\/div>\r\n\t<\/div>\r\n<\/div>\t\t\t\t\t\t\t\t\t\t\r\n<div class=\"project-item projects-current-theme6\" style=\"background-image: url('https:\/\/erpcapable.com\/wp-content\/uploads\/2025\/11\/1v5zggtyxvc.jpg');\">\r\n\t<div class=\"project-item-inner\">\r\n\t\t<div class=\"ks-project-content-wrap\">\r\n\t\t\t<div class=\"ks-project-arrow\">\r\n\t\t\t\t<a href=\"https:\/\/erpcapable.com\/fr\/projects\/erp-implementation\/\"><i class=\"flaticon-common-arrow-right1\"><\/i><\/a>\r\n\t\t\t<\/div>\r\n\t\t\t<div class=\"ks-project-content\">\r\n\t\t\t\t\t\t\t\t\t<ul class=\"cat-list\">\r\n\t\t\t\t\t\t<li>Services<span> \/<\/span><\/li>\t\t\t\t\t<\/ul>\r\n\t\t\t\t\t\t\t\t\t\t\t\t\t<h4 class=\"title hover-link-light\"><a href=\"https:\/\/erpcapable.com\/fr\/projects\/erp-implementation\/\" >Mise en \u0153uvre d'ERP<\/a><\/h4>\r\n\t\t\t\t\t\t\t\t\t\t\t\t\t\t\t\t\t\t\t\t\t\t\t\t\t\t\t\t\t\t\t\t<div class=\"excerpt\">\r\n\t\t\t\t\t\t\t\tVotre ERP est personnalis\u00e9 selon vos besoins, garantissant une mise en \u0153uvre fluide avec un temps d'arr\u00eat minimal et un retour sur investissement maximal.\r\n\t\t\t\t\t\t\t<\/div>\r\n\t\t\t\t\t\t\t\t\t\t\t\t\t\t\t\t\t\t\t\t\t\t\t<div class=\"ks-project-btn\">\r\n\t\t\t\t\t<div class=\"btn-view-details\">\r\n    <a href=\"https:\/\/erpcapable.com\/fr\/projects\/erp-implementation\/\"\r\n      class=\"btn btn-theme-colored3 btn-round\">\r\n      Lire la suite    <\/a>\r\n<\/div>\t\t\t\t<\/div>\r\n\t\t\t\t\t\t\t<\/div>\r\n\t\t<\/div>\r\n\t<\/div>\r\n<\/div>\t\t\t\t\t\t\t\t\t\t\r\n<div class=\"project-item projects-current-theme6\" style=\"background-image: url('https:\/\/erpcapable.com\/wp-content\/uploads\/2025\/11\/3v8xo5gbusk.jpg');\">\r\n\t<div class=\"project-item-inner\">\r\n\t\t<div class=\"ks-project-content-wrap\">\r\n\t\t\t<div class=\"ks-project-arrow\">\r\n\t\t\t\t<a href=\"https:\/\/erpcapable.com\/fr\/projects\/custom-erp-integration\/\"><i class=\"flaticon-common-arrow-right1\"><\/i><\/a>\r\n\t\t\t<\/div>\r\n\t\t\t<div class=\"ks-project-content\">\r\n\t\t\t\t\t\t\t\t\t<ul class=\"cat-list\">\r\n\t\t\t\t\t\t<li>Services<span> \/<\/span><\/li>\t\t\t\t\t<\/ul>\r\n\t\t\t\t\t\t\t\t\t\t\t\t\t<h4 class=\"title hover-link-light\"><a href=\"https:\/\/erpcapable.com\/fr\/projects\/custom-erp-integration\/\" >Int\u00e9gration d'ERP Sur Mesure<\/a><\/h4>\r\n\t\t\t\t\t\t\t\t\t\t\t\t\t\t\t\t\t\t\t\t\t\t\t\t\t\t\t\t\t\t\t\t<div class=\"excerpt\">\r\n\t\t\t\t\t\t\t\tDe l'int\u00e9gration de syst\u00e8mes tiers aux portails web d\u00e9di\u00e9s, nous \u00e9tendons les capacit\u00e9s de votre ERP pour \u00e9liminer les \u00e9tapes manuelles, am\u00e9liorer la visibilit\u00e9 et optimiser les op\u00e9rations.\t\t\t\t\t\t\t<\/div>\r\n\t\t\t\t\t\t\t\t\t\t\t\t\t\t\t\t\t\t\t\t\t\t\t<div class=\"ks-project-btn\">\r\n\t\t\t\t\t<div class=\"btn-view-details\">\r\n    <a href=\"https:\/\/erpcapable.com\/fr\/projects\/custom-erp-integration\/\"\r\n      class=\"btn btn-theme-colored3 btn-round\">\r\n      Lire la suite    <\/a>\r\n<\/div>\t\t\t\t<\/div>\r\n\t\t\t\t\t\t\t<\/div>\r\n\t\t<\/div>\r\n\t<\/div>\r\n<\/div>\t\t\t\t\t\t\t\t\t\t\r\n<div class=\"project-item projects-current-theme6\" style=\"background-image: url('https:\/\/erpcapable.com\/wp-content\/uploads\/2025\/11\/kn_kvidcha0.jpg');\">\r\n\t<div class=\"project-item-inner\">\r\n\t\t<div class=\"ks-project-content-wrap\">\r\n\t\t\t<div class=\"ks-project-arrow\">\r\n\t\t\t\t<a href=\"https:\/\/erpcapable.com\/fr\/projects\/erp-support\/\"><i class=\"flaticon-common-arrow-right1\"><\/i><\/a>\r\n\t\t\t<\/div>\r\n\t\t\t<div class=\"ks-project-content\">\r\n\t\t\t\t\t\t\t\t\t<ul class=\"cat-list\">\r\n\t\t\t\t\t\t<li>Services<span> \/<\/span><\/li>\t\t\t\t\t<\/ul>\r\n\t\t\t\t\t\t\t\t\t\t\t\t\t<h4 class=\"title hover-link-light\"><a href=\"https:\/\/erpcapable.com\/fr\/projects\/erp-support\/\" >Support ERP<\/a><\/h4>\r\n\t\t\t\t\t\t\t\t\t\t\t\t\t\t\t\t\t\t\t\t\t\t\t\t\t\t\t\t\t\t\t\t<div class=\"excerpt\">\r\n\t\t\t\t\t\t\t\tNous assurons un support continu pour garantir la s\u00e9curit\u00e9, l'optimisation et le bon fonctionnement de votre syst\u00e8me ERP. Nous prenons en charge le d\u00e9pannage, les mises \u00e0 jour, les am\u00e9liorations et la formation afin de r\u00e9duire au minimum les interruptions et d'assurer une disponibilit\u00e9 maximale.\r\n\t\t\t\t\t\t\t<\/div>\r\n\t\t\t\t\t\t\t\t\t\t\t\t\t\t\t\t\t\t\t\t\t\t\t<div class=\"ks-project-btn\">\r\n\t\t\t\t\t<div class=\"btn-view-details\">\r\n    <a href=\"https:\/\/erpcapable.com\/fr\/projects\/erp-support\/\"\r\n      class=\"btn btn-theme-colored3 btn-round\">\r\n      Lire la suite    <\/a>\r\n<\/div>\t\t\t\t<\/div>\r\n\t\t\t\t\t\t\t<\/div>\r\n\t\t<\/div>\r\n\t<\/div>\r\n<\/div>\t\t\t\t\t\t\t\t\t\t\r\n<div class=\"project-item projects-current-theme6\" style=\"background-image: url('https:\/\/erpcapable.com\/wp-content\/uploads\/2025\/11\/7075.jpg');\">\r\n\t<div class=\"project-item-inner\">\r\n\t\t<div class=\"ks-project-content-wrap\">\r\n\t\t\t<div class=\"ks-project-arrow\">\r\n\t\t\t\t<a href=\"https:\/\/erpcapable.com\/fr\/projects\/consulting-service\/\"><i class=\"flaticon-common-arrow-right1\"><\/i><\/a>\r\n\t\t\t<\/div>\r\n\t\t\t<div class=\"ks-project-content\">\r\n\t\t\t\t\t\t\t\t\t<ul class=\"cat-list\">\r\n\t\t\t\t\t\t<li>Services<span> \/<\/span><\/li>\t\t\t\t\t<\/ul>\r\n\t\t\t\t\t\t\t\t\t\t\t\t\t<h4 class=\"title hover-link-light\"><a href=\"https:\/\/erpcapable.com\/fr\/projects\/consulting-service\/\" >Service de Conseil<\/a><\/h4>\r\n\t\t\t\t\t\t\t\t\t\t\t\t\t\t\t\t\t\t\t\t\t\t\t\t\t\t\t\t\t\t\t\t<div class=\"excerpt\">\r\n\t\t\t\t\t\t\t\tNos services de conseil ERP complets accompagnent votre entreprise tout au long de la mise en \u0153uvre, de la personnalisation, de la formation et du support afin d'optimiser ses op\u00e9rations et d'assurer une croissance efficace.\r\n\t\t\t\t\t\t\t<\/div>\r\n\t\t\t\t\t\t\t\t\t\t\t\t\t\t\t\t\t\t\t\t\t\t\t<div class=\"ks-project-btn\">\r\n\t\t\t\t\t<div class=\"btn-view-details\">\r\n    <a href=\"https:\/\/erpcapable.com\/fr\/projects\/consulting-service\/\"\r\n      class=\"btn btn-theme-colored3 btn-round\">\r\n      Lire la suite    <\/a>\r\n<\/div>\t\t\t\t<\/div>\r\n\t\t\t\t\t\t\t<\/div>\r\n\t\t<\/div>\r\n\t<\/div>\r\n<\/div>\t\t\t\t\t\t\t\t<!-- end of the loop -->\r\n\t\t<\/div>\r\n\t\t\t<\/div>\r\n\r\n\r\n\t\t\t\t<\/div>\n\t\t\t\t<\/div>\n\t\t\t\t<\/div>\n\t\t\t\t<\/div>\n\t\t\t\t\t<\/div>\n\t\t\t\t<\/div>\n\t\t<div class=\"elementor-element elementor-element-941b50e e-flex e-con-boxed tm-col-stretched-none tm-bg-color-over-image e-con e-parent\" data-id=\"941b50e\" data-element_type=\"container\" data-e-type=\"container\">\n\t\t\t\t\t<div class=\"e-con-inner\">\n\t\t\t\t<div class=\"elementor-element elementor-element-2d3148e elementor-widget elementor-widget-spacer\" data-id=\"2d3148e\" data-element_type=\"widget\" data-e-type=\"widget\" data-widget_type=\"spacer.default\">\n\t\t\t\t\t\t\t<div class=\"elementor-spacer\">\n\t\t\t<div class=\"elementor-spacer-inner\"><\/div>\n\t\t<\/div>\n\t\t\t\t\t\t<\/div>\n\t\t\t\t\t<\/div>\n\t\t\t\t<\/div>\n\t\t\t\t<\/div>","protected":false},"excerpt":{"rendered":"<p>Services You Prefer To Have Full Control For Business Issues Services \/ ERP Audit and Selection We guide you in&#8230;<\/p>","protected":false},"author":1,"featured_media":0,"parent":0,"menu_order":0,"comment_status":"closed","ping_status":"closed","template":"","meta":{"footnotes":""},"class_list":["post-7264","page","type-page","status-publish","hentry"],"_links":{"self":[{"href":"https:\/\/erpcapable.com\/fr\/wp-json\/wp\/v2\/pages\/7264","targetHints":{"allow":["GET"]}}],"collection":[{"href":"https:\/\/erpcapable.com\/fr\/wp-json\/wp\/v2\/pages"}],"about":[{"href":"https:\/\/erpcapable.com\/fr\/wp-json\/wp\/v2\/types\/page"}],"author":[{"embeddable":true,"href":"https:\/\/erpcapable.com\/fr\/wp-json\/wp\/v2\/users\/1"}],"replies":[{"embeddable":true,"href":"https:\/\/erpcapable.com\/fr\/wp-json\/wp\/v2\/comments?post=7264"}],"version-history":[{"count":48,"href":"https:\/\/erpcapable.com\/fr\/wp-json\/wp\/v2\/pages\/7264\/revisions"}],"predecessor-version":[{"id":16645,"href":"https:\/\/erpcapable.com\/fr\/wp-json\/wp\/v2\/pages\/7264\/revisions\/16645"}],"wp:attachment":[{"href":"https:\/\/erpcapable.com\/fr\/wp-json\/wp\/v2\/media?parent=7264"}],"curies":[{"name":"wp","href":"https:\/\/api.w.org\/{rel}","templated":true}]}}