{"id":7231,"date":"2025-07-15T06:08:07","date_gmt":"2025-07-15T06:08:07","guid":{"rendered":"https:\/\/dev252.kodesolution.com\/finclix\/?page_id=7231"},"modified":"2026-01-22T00:35:13","modified_gmt":"2026-01-22T00:35:13","slug":"about","status":"publish","type":"page","link":"https:\/\/erpcapable.com\/fr\/about\/","title":{"rendered":"\u00c0 propos"},"content":{"rendered":"<div data-elementor-type=\"wp-page\" data-elementor-id=\"7231\" class=\"elementor elementor-7231\">\n\t\t\t\t<div class=\"elementor-element elementor-element-f48082d e-flex e-con-boxed tm-col-stretched-none tm-bg-color-over-image e-con e-parent\" data-id=\"f48082d\" data-element_type=\"container\" data-e-type=\"container\">\n\t\t\t\t\t<div class=\"e-con-inner\">\n\t\t<div class=\"elementor-element elementor-element-f504d9f e-con-full e-flex tm-col-stretched-none tm-bg-color-over-image e-con e-child\" data-id=\"f504d9f\" data-element_type=\"container\" data-e-type=\"container\">\n\t\t<div class=\"elementor-element elementor-element-261f484 e-con-full e-flex tm-col-stretched-none tm-bg-color-over-image e-con e-child\" data-id=\"261f484\" data-element_type=\"container\" data-e-type=\"container\">\n\t\t\t\t<div class=\"elementor-element elementor-element-825e009 elementor-widget elementor-widget-image\" data-id=\"825e009\" data-element_type=\"widget\" data-e-type=\"widget\" data-widget_type=\"image.default\">\n\t\t\t\t\t\t\t\t\t\t\t\t\t\t\t<img fetchpriority=\"high\" decoding=\"async\" width=\"824\" height=\"537\" src=\"https:\/\/erpcapable.com\/wp-content\/uploads\/2025\/10\/LOGO-ERP-CAPABLE-PNG.png\" class=\"attachment-large size-large wp-image-16181\" alt=\"\" srcset=\"https:\/\/erpcapable.com\/wp-content\/uploads\/2025\/10\/LOGO-ERP-CAPABLE-PNG.png 824w, https:\/\/erpcapable.com\/wp-content\/uploads\/2025\/10\/LOGO-ERP-CAPABLE-PNG-600x391.png 600w, https:\/\/erpcapable.com\/wp-content\/uploads\/2025\/10\/LOGO-ERP-CAPABLE-PNG-300x196.png 300w, https:\/\/erpcapable.com\/wp-content\/uploads\/2025\/10\/LOGO-ERP-CAPABLE-PNG-768x501.png 768w\" sizes=\"(max-width: 824px) 100vw, 824px\" \/>\t\t\t\t\t\t\t\t\t\t\t\t\t\t\t<\/div>\n\t\t\t\t<\/div>\n\t\t<div class=\"elementor-element elementor-element-e325c6e e-con-full e-flex tm-col-stretched-none tm-bg-color-over-image e-con e-child\" data-id=\"e325c6e\" data-element_type=\"container\" data-e-type=\"container\">\n\t\t\t\t<div class=\"elementor-element elementor-element-a11aebe horizontal-line-align-left vertical-line-align-bottom elementor-widget elementor-widget-tm-ele-section-title\" data-id=\"a11aebe\" data-element_type=\"widget\" data-e-type=\"widget\" data-widget_type=\"tm-ele-section-title.default\">\n\t\t\t\t<div class=\"elementor-widget-container\">\n\t\t\t\t\t<div class=\"tm-sc-section-title section-title\">\r\n\t<div class=\"title-wrapper\">\r\n\t\t\t\t\r\n\r\n<div class=\"sub-title-outer\">\r\n\t\t<div class=\"subtitle\">\r\n\r\n\t\t\r\n\t\tNotre histoire\t<\/div>\r\n\t<\/div>\t\t\t<h2 class=\"title tm-split-text split-in-right\"  >\r\n\r\n\t\t\r\n\t\t\t\t<span class=\"title-part1\">Faites cro\u00eetre votre capital de mani\u00e8re syst\u00e9matique <\/span>\r\n\t\t\t\t\r\n\t\t\t\t\t\t\t\r\n\t<\/h2>\r\n\t<div class=\"title-seperator-line\"><\/div>\t\t\t\t\t\t<\/div>\r\n<\/div>\t\t\t\t<\/div>\n\t\t\t\t<\/div>\n\t\t\t\t<div class=\"elementor-element elementor-element-38b5a7a elementor-widget elementor-widget-tm-ele-text-editor\" data-id=\"38b5a7a\" data-element_type=\"widget\" data-e-type=\"widget\" data-widget_type=\"tm-ele-text-editor.default\">\n\t\t\t\t<div class=\"elementor-widget-container\">\n\t\t\t\t\t\t\t<div class=\"tm-text-editor\" >\r\n\t\t<p>Avec plus de 20 ans d'expertise pratique dans le domaine de la fabrication et des progiciels de gestion int\u00e9gr\u00e9e (ERP), nous accompagnons les fabricants \u00e0 chaque \u00e9tape de leur parcours ERP : impl\u00e9mentation, migration, personnalisation et am\u00e9lioration continue.<\/p>\t\t<\/div>\r\n\t\t\t\t\t<\/div>\n\t\t\t\t<\/div>\n\t\t<div class=\"elementor-element elementor-element-9ab9fbd e-con-full e-flex tm-col-stretched-none tm-bg-color-over-image e-con e-child\" data-id=\"9ab9fbd\" data-element_type=\"container\" data-e-type=\"container\">\n\t\t<div class=\"elementor-element elementor-element-3410bb2 e-con-full e-flex tm-col-stretched-none tm-bg-color-over-image e-con e-child\" data-id=\"3410bb2\" data-element_type=\"container\" data-e-type=\"container\">\n\t\t\t\t<div class=\"elementor-element elementor-element-df70e4e elementor-widget elementor-widget-tm-ele-list\" data-id=\"df70e4e\" data-element_type=\"widget\" data-e-type=\"widget\" data-widget_type=\"tm-ele-list.default\">\n\t\t\t\t<div class=\"elementor-widget-container\">\n\t\t\t\t\t<ul class=\"tm-sc-list\">\r\n\t<li class=\"\">\r\n\t\t\t\t<svg xmlns=\"http:\/\/www.w3.org\/2000\/svg\" width=\"24\" height=\"24\" viewbox=\"0 0 24 24\" fill=\"none\"><circle cx=\"12\" cy=\"12\" r=\"11.5\" fill=\"#C8F169\" stroke=\"#144443\"><\/circle><path d=\"M6.5 11.8819L9.57692 14.9375L16.5 8.0625\" stroke=\"#144443\" stroke-linecap=\"round\" stroke-linejoin=\"round\"><\/path><\/svg>\t\t\t\t<span>\r\n\tProt\u00e9ger votre entreprise<\/span><\/li>\t<li class=\"\">\r\n\t\t\t\t<svg xmlns=\"http:\/\/www.w3.org\/2000\/svg\" width=\"24\" height=\"24\" viewbox=\"0 0 24 24\" fill=\"none\"><circle cx=\"12\" cy=\"12\" r=\"11.5\" fill=\"#C8F169\" stroke=\"#144443\"><\/circle><path d=\"M6.5 11.8819L9.57692 14.9375L16.5 8.0625\" stroke=\"#144443\" stroke-linecap=\"round\" stroke-linejoin=\"round\"><\/path><\/svg>\t\t\t\t<span>\r\n\tNous vous offrons des solutions<\/span><\/li>\t<li class=\"\">\r\n\t\t\t\t<svg xmlns=\"http:\/\/www.w3.org\/2000\/svg\" width=\"24\" height=\"24\" viewbox=\"0 0 24 24\" fill=\"none\"><circle cx=\"12\" cy=\"12\" r=\"11.5\" fill=\"#C8F169\" stroke=\"#144443\"><\/circle><path d=\"M6.5 11.8819L9.57692 14.9375L16.5 8.0625\" stroke=\"#144443\" stroke-linecap=\"round\" stroke-linejoin=\"round\"><\/path><\/svg>\t\t\t\t<span>\r\n\tNous prenons soin de vous<\/span><\/li>\t<li class=\"\">\r\n\t\t\t\t<svg xmlns=\"http:\/\/www.w3.org\/2000\/svg\" width=\"24\" height=\"24\" viewbox=\"0 0 24 24\" fill=\"none\"><circle cx=\"12\" cy=\"12\" r=\"11.5\" fill=\"#C8F169\" stroke=\"#144443\"><\/circle><path d=\"M6.5 11.8819L9.57692 14.9375L16.5 8.0625\" stroke=\"#144443\" stroke-linecap=\"round\" stroke-linejoin=\"round\"><\/path><\/svg>\t\t\t\t<span>\r\n\tDes avantages \u00e9lev\u00e9s pour tous<\/span><\/li><\/ul>\t\t\t\t<\/div>\n\t\t\t\t<\/div>\n\t\t\t\t<\/div>\n\t\t<div class=\"elementor-element elementor-element-11fba1f e-con-full e-flex tm-col-stretched-none tm-bg-color-over-image e-con e-child\" data-id=\"11fba1f\" data-element_type=\"container\" data-e-type=\"container\">\n\t\t\t\t<div class=\"elementor-element elementor-element-6ca9fb4 elementor-widget elementor-widget-tm-ele-counter-block\" data-id=\"6ca9fb4\" data-element_type=\"widget\" data-e-type=\"widget\" data-widget_type=\"tm-ele-counter-block.skin-style1\">\n\t\t\t\t<div class=\"elementor-widget-container\">\n\t\t\t\t\t<!-- Counter block-->\r\n\r\n<div class=\"counter-block-style1 mascot-counter\" data-wow-delay=\"\">\r\n\t<div class=\"count-box\">\r\n\t\t\t\t\t\t\t<h2 class=\"counter\">\r\n\t<span class=\"animate-number\" data-value=\"20\"data-animation-duration=\"1500\">0<\/span><span class=\"counter-postfix\">+<\/span><\/h2>\r\n\t\t\t\t\t<\/div>\r\n\t<div class=\"counter-bottom\">\r\n\t\t\t\t\t\t\t<div class=\"title-wrapper\">\r\n\r\n<h6 class=\"title\">Years of <br>\nExperience<\/h6>\r\n<\/div>\t\t\t\t\t\t\t\t\t\t<div class=\"counter-icon\">\r\n<svg xmlns=\"http:\/\/www.w3.org\/2000\/svg\" width=\"60\" height=\"60\" viewbox=\"0 0 60 60\" fill=\"none\"><path d=\"M30 29.6541L41.0281 18.626\" stroke=\"white\" stroke-width=\"2\" stroke-miterlimit=\"10\" stroke-linecap=\"round\" stroke-linejoin=\"round\"><\/path><path d=\"M55.7315 11.274H48.3794V3.92188L41.0273 11.274V18.6261H48.3794L55.7315 11.274Z\" stroke=\"white\" stroke-width=\"2\" stroke-miterlimit=\"10\" stroke-linecap=\"round\" stroke-linejoin=\"round\"><\/path><path d=\"M30.0008 40.6823C36.0915 40.6823 41.0289 35.7448 41.0289 29.6541C41.0289 23.5634 36.0915 18.626 30.0008 18.626C23.9101 18.626 18.9727 23.5634 18.9727 29.6541C18.9727 35.7448 23.9101 40.6823 30.0008 40.6823Z\" stroke=\"white\" stroke-width=\"2\" stroke-miterlimit=\"10\" stroke-linecap=\"round\" stroke-linejoin=\"round\"><\/path><path d=\"M50.218 16.7879C52.6074 20.4639 53.8941 24.8752 53.8941 29.6541C53.8941 42.8878 43.2335 53.5484 29.9998 53.5484C16.766 53.5484 6.10547 42.8878 6.10547 29.6541C6.10547 16.4203 16.766 5.75977 29.9998 5.75977C34.7786 5.75977 39.1899 7.04638 42.8659 9.43581\" stroke=\"white\" stroke-width=\"2\" stroke-miterlimit=\"10\" stroke-linecap=\"round\" stroke-linejoin=\"round\"><\/path><\/svg><\/div>\t\t\t\t<\/div>\r\n<\/div>\t\t\t\t<\/div>\n\t\t\t\t<\/div>\n\t\t\t\t<\/div>\n\t\t\t\t<\/div>\n\t\t\t\t<\/div>\n\t\t\t\t<\/div>\n\t\t<div class=\"elementor-element elementor-element-f2d5091 e-con-full e-flex tm-col-stretched-none tm-bg-color-over-image e-con e-child\" data-id=\"f2d5091\" data-element_type=\"container\" data-e-type=\"container\">\n\t\t\t\t<div class=\"elementor-element elementor-element-90e9be1 elementor-widget elementor-widget-tm-ele-floating-objects\" data-id=\"90e9be1\" data-element_type=\"widget\" data-e-type=\"widget\" data-widget_type=\"tm-ele-floating-objects.default\">\n\t\t\t\t<div class=\"elementor-widget-container\">\n\t\t\t\t\t\t\t<div class=\"tm-ele-floating-objects\">\r\n\t<span class=\"each-object elementor-repeater-item-45c4528\"  data-parallax=\"{&quot;x&quot;:&quot;&quot;,&quot;y&quot;:&quot;&quot;,&quot;scale&quot;:&quot;&quot;,&quot;rotate&quot;:-360,&quot;opacity&quot;:&quot;&quot;}\"  style=\"background-image: url(https:\/\/erpcapable.com\/wp-content\/uploads\/2025\/07\/Portal.png);\"><\/span><span class=\"each-object elementor-repeater-item-a585043 tm-item-appear-clip-path-right tm-animation-floating\"  style=\"background-image: url(https:\/\/erpcapable.com\/wp-content\/uploads\/2025\/05\/shape9.png);\"><\/span>\t\t<\/div>\r\n\t\t\t\t\t<\/div>\n\t\t\t\t<\/div>\n\t\t\t\t<\/div>\n\t\t\t\t\t<\/div>\n\t\t\t\t<\/div>\n\t\t<div class=\"elementor-element elementor-element-ca7879b e-con-full e-flex tm-col-stretched-none tm-bg-color-over-image e-con e-parent\" data-id=\"ca7879b\" data-element_type=\"container\" data-e-type=\"container\">\n\t\t<div class=\"elementor-element elementor-element-58f110c e-con-full e-flex tm-col-stretched-none tm-bg-color-over-image e-con e-child\" data-id=\"58f110c\" data-element_type=\"container\" data-e-type=\"container\" data-settings=\"{&quot;background_background&quot;:&quot;classic&quot;}\">\n\t\t<div class=\"elementor-element elementor-element-5b92a99 e-flex e-con-boxed tm-col-stretched-none tm-bg-color-over-image e-con e-child\" data-id=\"5b92a99\" data-element_type=\"container\" data-e-type=\"container\">\n\t\t\t\t\t<div class=\"e-con-inner\">\n\t\t<div class=\"elementor-element elementor-element-164cf62 e-con-full e-flex tm-col-stretched-none tm-bg-color-over-image e-con e-child\" data-id=\"164cf62\" data-element_type=\"container\" data-e-type=\"container\">\n\t\t\t\t<div class=\"elementor-element elementor-element-6f02b44 elementor-widget-tablet__width-initial horizontal-line-align-left vertical-line-align-bottom elementor-widget elementor-widget-tm-ele-section-title\" data-id=\"6f02b44\" data-element_type=\"widget\" data-e-type=\"widget\" data-widget_type=\"tm-ele-section-title.default\">\n\t\t\t\t<div class=\"elementor-widget-container\">\n\t\t\t\t\t<div class=\"tm-sc-section-title section-title\">\r\n\t<div class=\"title-wrapper\">\r\n\t\t\t\t\t\t\t<h2 class=\"title tm-split-text split-in-right\"  >\r\n\r\n\t\t\r\n\t\t\t\t<span class=\"title-part1\">Un projet en t\u00eate ? Parlons-en !<\/span>\r\n\t\t\t\t\r\n\t\t\t\t\t\t\t\r\n\t<\/h2>\r\n\t<div class=\"title-seperator-line\"><\/div>\t\t\t\t\t\t<\/div>\r\n<\/div>\t\t\t\t<\/div>\n\t\t\t\t<\/div>\n\t\t\t\t<div class=\"elementor-element elementor-element-d6f95f5 elementor-widget__width-initial elementor-widget elementor-widget-tm-ele-text-editor\" data-id=\"d6f95f5\" data-element_type=\"widget\" data-e-type=\"widget\" data-widget_type=\"tm-ele-text-editor.default\">\n\t\t\t\t<div class=\"elementor-widget-container\">\n\t\t\t\t\t\t\t<div class=\"tm-text-editor\" >\r\n\t\t<p data-start=\"316\" data-end=\"475\" class=\"translation-block\">Discutons de la mani\u00e8re dont ERP Capablepeut transformer votre entreprise gr\u00e2ce \u00e0 des solutions ERP intelligentes et \u00e9volutives.<\/p>\t\t<\/div>\r\n\t\t\t\t\t<\/div>\n\t\t\t\t<\/div>\n\t\t\t\t<div class=\"elementor-element elementor-element-be9c040 elementor-widget elementor-widget-tm-ele-floating-objects\" data-id=\"be9c040\" data-element_type=\"widget\" data-e-type=\"widget\" data-widget_type=\"tm-ele-floating-objects.default\">\n\t\t\t\t<div class=\"elementor-widget-container\">\n\t\t\t\t\t\t\t<div class=\"tm-ele-floating-objects\">\r\n\t<span class=\"each-object elementor-repeater-item-7f8b1b6  tm-animation-flicker\"  style=\"background-image: url(https:\/\/erpcapable.com\/wp-content\/uploads\/2025\/06\/shape-16.png);\"><\/span>\t\t<\/div>\r\n\t\t\t\t\t<\/div>\n\t\t\t\t<\/div>\n\t\t\t\t<div class=\"elementor-element elementor-element-30e4eeb elementor-widget-divider--view-line elementor-widget elementor-widget-divider\" data-id=\"30e4eeb\" data-element_type=\"widget\" data-e-type=\"widget\" data-widget_type=\"divider.default\">\n\t\t\t\t\t\t\t<div class=\"elementor-divider\">\n\t\t\t<span class=\"elementor-divider-separator\">\n\t\t\t\t\t\t<\/span>\n\t\t<\/div>\n\t\t\t\t\t\t<\/div>\n\t\t\t\t<\/div>\n\t\t<div class=\"elementor-element elementor-element-eb484d2 e-con-full e-flex tm-col-stretched-none tm-bg-color-over-image e-con e-child\" data-id=\"eb484d2\" data-element_type=\"container\" data-e-type=\"container\">\n\t\t<div class=\"elementor-element elementor-element-92f5ee4 e-con-full e-flex tm-col-stretched-none tm-bg-color-over-image e-con e-child\" data-id=\"92f5ee4\" data-element_type=\"container\" data-e-type=\"container\">\n\t\t\t\t<div class=\"elementor-element elementor-element-16f956d elementor-widget elementor-widget-tm-ele-app-button\" data-id=\"16f956d\" data-element_type=\"widget\" data-e-type=\"widget\" data-widget_type=\"tm-ele-app-button.default\">\n\t\t\t\t<div class=\"elementor-widget-container\">\n\t\t\t\t\t<a\r\nhref=\"https:\/\/erpcapable.com\/fr\/contact-us\/\" class=\"tm-app-btn\">\r\n\t<span class=\"title\">Contactez-nous<\/span>\r\n\t<div class=\"icon\">\r\n\t\t\t\t\t<i class=\"flaticon-common-arrow-right1\"><\/i>\r\n\t\t\t<\/div>\r\n<\/a>\t\t\t\t<\/div>\n\t\t\t\t<\/div>\n\t\t\t\t<\/div>\n\t\t\t\t<\/div>\n\t\t\t\t\t<\/div>\n\t\t\t\t<\/div>\n\t\t\t\t<\/div>\n\t\t\t\t<\/div>\n\t\t\t\t<\/div>","protected":false},"excerpt":{"rendered":"<p>Who We Are Increase your money systematically With more than 20 years of hands-on manufacturing and ERP expertise, we guide&#8230;<\/p>","protected":false},"author":1,"featured_media":0,"parent":0,"menu_order":0,"comment_status":"closed","ping_status":"closed","template":"","meta":{"footnotes":""},"class_list":["post-7231","page","type-page","status-publish","hentry"],"_links":{"self":[{"href":"https:\/\/erpcapable.com\/fr\/wp-json\/wp\/v2\/pages\/7231","targetHints":{"allow":["GET"]}}],"collection":[{"href":"https:\/\/erpcapable.com\/fr\/wp-json\/wp\/v2\/pages"}],"about":[{"href":"https:\/\/erpcapable.com\/fr\/wp-json\/wp\/v2\/types\/page"}],"author":[{"embeddable":true,"href":"https:\/\/erpcapable.com\/fr\/wp-json\/wp\/v2\/users\/1"}],"replies":[{"embeddable":true,"href":"https:\/\/erpcapable.com\/fr\/wp-json\/wp\/v2\/comments?post=7231"}],"version-history":[{"count":40,"href":"https:\/\/erpcapable.com\/fr\/wp-json\/wp\/v2\/pages\/7231\/revisions"}],"predecessor-version":[{"id":16607,"href":"https:\/\/erpcapable.com\/fr\/wp-json\/wp\/v2\/pages\/7231\/revisions\/16607"}],"wp:attachment":[{"href":"https:\/\/erpcapable.com\/fr\/wp-json\/wp\/v2\/media?parent=7231"}],"curies":[{"name":"wp","href":"https:\/\/api.w.org\/{rel}","templated":true}]}}